{"id":80,"date":"2025-04-19T09:57:16","date_gmt":"2025-04-19T07:57:16","guid":{"rendered":"https:\/\/microcreche-lecocon.fr\/?page_id=80"},"modified":"2025-04-19T16:09:00","modified_gmt":"2025-04-19T14:09:00","slug":"tarifs","status":"publish","type":"page","link":"https:\/\/microcreche-lecocon.fr\/?page_id=80","title":{"rendered":"Tarifs"},"content":{"rendered":"\n<p><strong>Pour l\u2019accueil de votre enfant, nous proposons des forfaits de 1 \u00e0 5 jours par semaine ou \u00e0 la demi-journ\u00e9e.<\/strong><\/p>\n\n\n\n<p><strong>Nos tarifications incluent: les repas, les go\u00fbters, les couches, les produits d&rsquo;hygi\u00e8ne et les frais d&rsquo;entretien.<\/strong><\/p>\n\n\n\n<p>Il est possible de r\u00e9server&nbsp;<strong>un forfait \u00e0 l\u2019ann\u00e9e (accueil r\u00e9gulier)<\/strong>&nbsp;ou bien de b\u00e9n\u00e9ficier d\u2019<strong>un accueil occasionnel, d\u2019une place ponctuelle en urgence, en fonction des places restantes disponibles.<\/strong><\/p>\n\n\n\n<p><strong>Des frais d\u2019inscription annuels de 50\u20ac par enfant sont demand\u00e9s. Ils couvrent l\u2019adh\u00e9sion aux projets de la structure ainsi que les frais de traitement du dossier administratif.<\/strong><\/p>\n\n\n\n<div class=\"wp-block-columns alignwide is-layout-flex wp-container-core-columns-is-layout-9d6595d7 wp-block-columns-is-layout-flex\">\n<div class=\"wp-block-column is-vertically-aligned-stretch is-layout-flow wp-block-column-is-layout-flow\">\n<figure class=\"wp-block-image alignfull size-full\"><img fetchpriority=\"high\" decoding=\"async\" width=\"583\" height=\"484\" src=\"https:\/\/microcreche-lecocon.fr\/wp-content\/uploads\/2025\/04\/Capture-decran-2025-04-19-a-14.21.27.png\" alt=\"\" class=\"wp-image-187\" srcset=\"https:\/\/microcreche-lecocon.fr\/wp-content\/uploads\/2025\/04\/Capture-decran-2025-04-19-a-14.21.27.png 583w, https:\/\/microcreche-lecocon.fr\/wp-content\/uploads\/2025\/04\/Capture-decran-2025-04-19-a-14.21.27-300x249.png 300w\" sizes=\"(max-width: 583px) 100vw, 583px\" \/><\/figure>\n<\/div>\n\n\n\n<div class=\"wp-block-column is-layout-flow wp-block-column-is-layout-flow\">\n<p>\u25cf&nbsp;<strong>Condition de la CMG :<\/strong>&nbsp;Le montant que vous verse la Caisse d\u2019Allocation Familiale (CAF) varie en fonction de vos ressources, du nombre d\u2019enfants et de leur \u00e2ge. Un minimum de 15% de la d\u00e9pense restera \u00e0 votre charge et n\u00e9cessite 16H d\u2019accueil par mois minimum.<\/p>\n\n\n\n<p>\u25cf&nbsp;<strong>Cr\u00e9dit d\u2019imp\u00f4t \u00e9gal \u00e0 50%<\/strong>&nbsp;des d\u00e9penses pay\u00e9es pour la garde (hors frais de nourriture et d\u00e9duction faite des aides familiales re\u00e7ues au titre de la garde de l\u2019enfant) est appliqu\u00e9 pour les d\u00e9penses que vous engagez pour la garde de vos enfants \u00e2g\u00e9s de moins de 6 ans au 1er janvier de l\u2019ann\u00e9e des revenus.<\/p>\n\n\n\n<p><strong>Pour les accueils r\u00e9guliers, le co\u00fbt est mensualis\u00e9 sur 12 mois selon la formule de calcul :&nbsp;<\/strong><\/p>\n\n\n\n<p>(taux horaire brut X Nombre d\u2019heures par semaine (selon forfait) X 47 semaines )\/12<\/p>\n\n\n\n<p>De plus, il est possible de b\u00e9n\u00e9ficier d\u2019une d\u00e9duction de 50% des frais de garde (hors aides) selon les modalit\u00e9s fiscales fix\u00e9es par l\u2019\u00e9tat (voir paragraphe \u00ab&nbsp;Cr\u00e9dit Imp\u00f4t&nbsp;\u00bb<\/p>\n<\/div>\n<\/div>\n\n\n\n<p><\/p>\n\n\n\n<h2 class=\"wp-block-heading\"><strong><u>Compl\u00e9ment libre choix du Mode de Garde (CMG)&nbsp;:<\/u><\/strong><\/h2>\n\n\n\n<p>Les familles qui ont recours \u00e0 une micro-cr\u00e8che comme mode de garde peuvent b\u00e9n\u00e9ficier du CMG. Cette aide de la CAF\/MSA permet de diminuer de fa\u00e7on cons\u00e9quente la charge port\u00e9e par les familles. Le montant de l\u2019aide vers\u00e9e d\u00e9pend d\u2019un certain nombre de crit\u00e8res qu\u2019il est n\u00e9cessaire de valider directement avec un conseiller CAF\/MSA.&nbsp;<\/p>\n\n\n\n<p><strong>D\u00e8s l\u2019inscription, les familles doivent faire une demande de prise en charge aupr\u00e8s de la CAF\/MSA afin que les droits d\u00e9butent d\u00e8s le premier jour d\u2019accueil.<\/strong><\/p>\n\n\n\n<p>+&nbsp;<strong>Pour faire une simulation personnalis\u00e9e aupr\u00e8s de la CAF de vos droits \u00e0 la PAJE-CMG et faire votre demande de prise en charge, vous pouvez aller sur le site de la CAF et compl\u00e9ter le formulaire propos\u00e9 :&nbsp;<a rel=\"noreferrer noopener\" href=\"https:\/\/wwwd.caf.fr\/wps\/portal\/caffr\/aidesetservices\/lesservicesenligne\/estimervosdroits\/lapaje\/!ut\/p\/a1\/lZBRb4IwFIV_i7_gXqyw8qh00EqGGHSzfSHdAqaTloWZJfv3K_FJEzG7bzffueecXFBwAOX0jznqs-md7sZdRXW5CTKeV5jh85yi4FgSzl8J0tALZFTjnVkiTF-vQR27_t0HvYG61rKSoYhxncdxGGR5cMNpmqSeh4wVW-GjyAOOFz7RtOC9bUCCfLrbeDGHvesH6_tWo1872FPidLv8GN8FcmiMM2ejO_PdDDdWlBFEQcpVkhYbRBr900pNen3Zw28lPhfS1i-79jT7A-Q2mG8!\/dl5\/d5\/L2dBISEvZ0FBIS9nQSEh\/pw\/Z7_PO1GHKS0G8D300I3PBCFNO0086\/ren\/p=actionFormCnaf=fr.caf.portlet.PortletSimulationPajeviewQCPAccueil.do\/p=frmkCnafAction=reinitialiser\/p=Accueil=Accueil\/=\/\" target=\"_blank\">Cliquez ici<\/a><\/strong><\/p>\n\n\n\n<p>+&nbsp;<strong>Pour les informations aupr\u00e8s de la MSA,&nbsp;<a rel=\"noreferrer noopener\" href=\"https:\/\/www.msa.fr\/lfy\/web\/msa\/famille\/paje-libre-choix-mode-garde\" target=\"_blank\">Cliquez ici<\/a><\/strong><\/p>\n\n\n\n<p>La participation financi\u00e8re des familles est calcul\u00e9e en fonction du nombre jours et d\u2019heures de pr\u00e9sence des enfants en fonction des bar\u00e8mes de revenus des familles. Voir tableau ci-dessous :<\/p>\n\n\n\n<p>(<a href=\"https:\/\/www.caf.fr\/allocataires\/aides-et-demarches\/droits-et-prestations\/vie-personnelle\/le-complement-de-libre-choix-du-mode-de-garde-cmg\" target=\"_blank\" rel=\"noreferrer noopener\">Informations CAF : Compl\u00e9ment Mode de Garde (CMG)<\/a><\/p>\n\n\n\n<figure class=\"wp-block-image size-full\"><img decoding=\"async\" width=\"1024\" height=\"502\" src=\"https:\/\/microcreche-lecocon.fr\/wp-content\/uploads\/2025\/04\/image.png\" alt=\"\" class=\"wp-image-131\" srcset=\"https:\/\/microcreche-lecocon.fr\/wp-content\/uploads\/2025\/04\/image.png 1024w, https:\/\/microcreche-lecocon.fr\/wp-content\/uploads\/2025\/04\/image-300x147.png 300w, https:\/\/microcreche-lecocon.fr\/wp-content\/uploads\/2025\/04\/image-768x377.png 768w\" sizes=\"(max-width: 1024px) 100vw, 1024px\" \/><\/figure>\n\n\n\n<p class=\"has-text-align-center\"><strong>Montants mensuels maximum (du 1er avril&nbsp;2024&nbsp;au 31 mars 2025)<\/strong><\/p>\n\n\n\n<figure class=\"wp-block-image size-full\"><img decoding=\"async\" width=\"1024\" height=\"348\" src=\"https:\/\/microcreche-lecocon.fr\/wp-content\/uploads\/2025\/04\/image-1.png\" alt=\"\" class=\"wp-image-133\" srcset=\"https:\/\/microcreche-lecocon.fr\/wp-content\/uploads\/2025\/04\/image-1.png 1024w, https:\/\/microcreche-lecocon.fr\/wp-content\/uploads\/2025\/04\/image-1-300x102.png 300w, https:\/\/microcreche-lecocon.fr\/wp-content\/uploads\/2025\/04\/image-1-768x261.png 768w\" sizes=\"(max-width: 1024px) 100vw, 1024px\" \/><\/figure>\n\n\n\n<p>Depuis le 1er janvier 2021 :&nbsp;<strong>Prolongation du droit au taux 0-3 ans au-del\u00e0 des 3 ans de l\u2019enfant&nbsp;:<\/strong>Le b\u00e9n\u00e9fice du Cmg au taux 0-3 ans est prolong\u00e9 jusqu\u2019au 31 ao\u00fbt suivant le 3\u00e8me anniversaire de l\u2019enfant pour tous les enfants ayant 3 ans entre le 1er janvier et le 31 ao\u00fbt d\u2019une l\u2019ann\u00e9e civile. Cette nouvelle mesure s\u2019applique aux enfants atteignant 3 ans \u00e0 compter du 1er Janvier 2020.<\/p>\n\n\n\n<h2 class=\"wp-block-heading\"><strong>Cr\u00e9dit d\u2019imp\u00f4t&nbsp;<\/strong>:&nbsp;<\/h2>\n\n\n\n<p>Les familles peuvent \u00e9galement b\u00e9n\u00e9ficier d\u2019un cr\u00e9dit d\u2019imp\u00f4t de 50% des frais de garde dans la limite de 3500\u20ac en 2023 selon les modalit\u00e9s fiscales fix\u00e9es par l\u2019\u00e9tat. Pour plus de renseignements :&nbsp;<a rel=\"noreferrer noopener\" href=\"https:\/\/www.impots.gouv.fr\/portail\/particulier\/deductions-liees-la-famille\" target=\"_blank\">https:\/\/www.impots.gouv.fr\/portail\/particulier\/deductions-liees-la-famille<\/a><\/p>\n\n\n\n<p><\/p>\n","protected":false},"excerpt":{"rendered":"<p>Pour l\u2019accueil de votre enfant, nous proposons des forfaits de 1 \u00e0 5 jours par semaine ou \u00e0 la demi-journ\u00e9e. Nos tarifications incluent: les repas, [&hellip;]<\/p>\n","protected":false},"author":1,"featured_media":253,"parent":0,"menu_order":0,"comment_status":"closed","ping_status":"closed","template":"","meta":{"footnotes":""},"class_list":["post-80","page","type-page","status-publish","has-post-thumbnail","hentry"],"_links":{"self":[{"href":"https:\/\/microcreche-lecocon.fr\/index.php?rest_route=\/wp\/v2\/pages\/80","targetHints":{"allow":["GET"]}}],"collection":[{"href":"https:\/\/microcreche-lecocon.fr\/index.php?rest_route=\/wp\/v2\/pages"}],"about":[{"href":"https:\/\/microcreche-lecocon.fr\/index.php?rest_route=\/wp\/v2\/types\/page"}],"author":[{"embeddable":true,"href":"https:\/\/microcreche-lecocon.fr\/index.php?rest_route=\/wp\/v2\/users\/1"}],"replies":[{"embeddable":true,"href":"https:\/\/microcreche-lecocon.fr\/index.php?rest_route=%2Fwp%2Fv2%2Fcomments&post=80"}],"version-history":[{"count":5,"href":"https:\/\/microcreche-lecocon.fr\/index.php?rest_route=\/wp\/v2\/pages\/80\/revisions"}],"predecessor-version":[{"id":189,"href":"https:\/\/microcreche-lecocon.fr\/index.php?rest_route=\/wp\/v2\/pages\/80\/revisions\/189"}],"wp:featuredmedia":[{"embeddable":true,"href":"https:\/\/microcreche-lecocon.fr\/index.php?rest_route=\/wp\/v2\/media\/253"}],"wp:attachment":[{"href":"https:\/\/microcreche-lecocon.fr\/index.php?rest_route=%2Fwp%2Fv2%2Fmedia&parent=80"}],"curies":[{"name":"wp","href":"https:\/\/api.w.org\/{rel}","templated":true}]}}