{"id":79,"date":"2025-04-19T09:57:16","date_gmt":"2025-04-19T07:57:16","guid":{"rendered":"https:\/\/microcreche-lecocon.fr\/?page_id=79"},"modified":"2025-05-20T08:57:24","modified_gmt":"2025-05-20T06:57:24","slug":"pre-inscription","status":"publish","type":"page","link":"https:\/\/microcreche-lecocon.fr\/?page_id=79","title":{"rendered":"Pr\u00e9-inscription"},"content":{"rendered":"\n<ul class=\"wp-block-list\">\n<li><strong>Pour les demandes pour un accueil en r\u00e9gulier : <\/strong><\/li>\n<\/ul>\n\n\n\n<p><strong>Vous pr\u00e9-inscrire : Vous pouvez t\u00e9l\u00e9charger ci-dessous le formulaire de pr\u00e9-inscription, le compl\u00e9ter et le renvoyer par mail \u00e0\u00a0<a href=\"mailto:contact.lecocon86@gmail.com\" data-type=\"mailto\" data-id=\"mailto:contact.lecocon86@gmail.com\">contact.lecocon86@gmail.com<\/a><a href=\"contact.lecocon86@gmail.com\" data-type=\"link\" data-id=\"contact.lecocon86@gmail.com\">\u00a0<\/a>. D\u00e8s r\u00e9ception du document complet votre demande d\u2019accueil sera inscrite sur liste d\u2019attente<\/strong>.<\/p>\n\n\n\n<ul class=\"wp-block-list\">\n<li><strong>Pour les demandes pour un accueil occasionnel et\/ou urgence ponctuelle,\u00a0<\/strong>vous pouvez nous contacter par mail :\u00a0<a href=\"mailto:contact.lecocon86@gmail.com\" target=\"_blank\" rel=\"noreferrer noopener\">contact.lecocon86@gmail.com<\/a>.<\/li>\n<\/ul>\n\n\n\n<div class=\"wp-block-buttons is-layout-flex wp-block-buttons-is-layout-flex\">\n<div class=\"wp-block-button\"><a class=\"wp-block-button__link wp-element-button\" href=\"https:\/\/microcreche-lecocon.fr\/wp-content\/uploads\/2025\/04\/Fiche-de-Pre-inscription-1.pdf\">T\u00e9l\u00e9charger le formulaire de Pr\u00e9-inscription<\/a><\/div>\n<\/div>\n\n\n\n<p><\/p>\n","protected":false},"excerpt":{"rendered":"<p>Vous pr\u00e9-inscrire : Vous pouvez t\u00e9l\u00e9charger ci-dessous le formulaire de pr\u00e9-inscription, le compl\u00e9ter et le renvoyer par mail \u00e0\u00a0contact.lecocon86@gmail.com\u00a0. D\u00e8s r\u00e9ception du document complet votre [&hellip;]<\/p>\n","protected":false},"author":1,"featured_media":252,"parent":0,"menu_order":0,"comment_status":"closed","ping_status":"closed","template":"","meta":{"footnotes":""},"class_list":["post-79","page","type-page","status-publish","has-post-thumbnail","hentry"],"_links":{"self":[{"href":"https:\/\/microcreche-lecocon.fr\/index.php?rest_route=\/wp\/v2\/pages\/79","targetHints":{"allow":["GET"]}}],"collection":[{"href":"https:\/\/microcreche-lecocon.fr\/index.php?rest_route=\/wp\/v2\/pages"}],"about":[{"href":"https:\/\/microcreche-lecocon.fr\/index.php?rest_route=\/wp\/v2\/types\/page"}],"author":[{"embeddable":true,"href":"https:\/\/microcreche-lecocon.fr\/index.php?rest_route=\/wp\/v2\/users\/1"}],"replies":[{"embeddable":true,"href":"https:\/\/microcreche-lecocon.fr\/index.php?rest_route=%2Fwp%2Fv2%2Fcomments&post=79"}],"version-history":[{"count":10,"href":"https:\/\/microcreche-lecocon.fr\/index.php?rest_route=\/wp\/v2\/pages\/79\/revisions"}],"predecessor-version":[{"id":289,"href":"https:\/\/microcreche-lecocon.fr\/index.php?rest_route=\/wp\/v2\/pages\/79\/revisions\/289"}],"wp:featuredmedia":[{"embeddable":true,"href":"https:\/\/microcreche-lecocon.fr\/index.php?rest_route=\/wp\/v2\/media\/252"}],"wp:attachment":[{"href":"https:\/\/microcreche-lecocon.fr\/index.php?rest_route=%2Fwp%2Fv2%2Fmedia&parent=79"}],"curies":[{"name":"wp","href":"https:\/\/api.w.org\/{rel}","templated":true}]}}