{"id":215,"date":"2025-04-19T15:09:56","date_gmt":"2025-04-19T13:09:56","guid":{"rendered":"https:\/\/microcreche-lecocon.fr\/?page_id=215"},"modified":"2025-04-19T16:43:09","modified_gmt":"2025-04-19T14:43:09","slug":"eveil-culturel-et-artistique","status":"publish","type":"page","link":"https:\/\/microcreche-lecocon.fr\/?page_id=215","title":{"rendered":"D\u00e9marche Eco-Responsable"},"content":{"rendered":"\n<p>Notre cr\u00e8che est fortement\u00a0<strong>engag\u00e9e en faveur de la pr\u00e9servation de l\u2019environnement.<\/strong>Nous mettons en place des actions concr\u00e8tes pour pr\u00e9server l\u2019environnement et sensibiliser les enfants \u00e0 la richesse de la nature.\u00a0<\/p>\n\n\n\n<p>Notre d\u00e9marche de protection de l\u2019environnement vise \u00e0&nbsp;<strong>am\u00e9liorer la qualit\u00e9 de l\u2019air<\/strong>&nbsp;dans notre structure, \u00e0 prot\u00e9ger la sant\u00e9 des enfants et professionnels, \u00e0 proposer une alimentation saine, \u00e0 r\u00e9duire nos d\u00e9chets\u2026&nbsp;<\/p>\n\n\n\n<p>Nous veillons donc naturellement \u00e0 la qualit\u00e9 des produits que nous utilisons en cr\u00e8che :&nbsp;<\/p>\n\n\n\n<ul class=\"wp-block-list\">\n<li>Nous utilisons des produits d&rsquo;entretien \u00e9colabellis\u00e9s et fabriquons nos\u00a0produits d\u2019entretien \u00e0 base d\u2019\u00e9l\u00e9ments naturels.<\/li>\n<\/ul>\n\n\n\n<ul class=\"wp-block-list\">\n<li>Pour les repas, nous privil\u00e9gions des\u00a0produits de saison, bios ou locaux\u00a0et limitons l\u2019usage du plastique pour le mat\u00e9riel fourni aux enfants (couverts, verres\u2026)<\/li>\n<\/ul>\n\n\n\n<ul class=\"wp-block-list\">\n<li>Nous\u00a0privil\u00e9gions les produits r\u00e9utilisables\u00a0plut\u00f4t que le jetable (sur-chaussures, gants de toilette, masques lavables\u2026) ainsi que des produits d&rsquo;entretien \u00e9colabellis\u00e9.<\/li>\n\n\n\n<li>Nous choisissons du mat\u00e9riel et des jouets \u00e9co-responsables et ou de seconde main.<\/li>\n<\/ul>\n\n\n\n<p>\u00a0\u00a0<\/p>\n\n\n\n<p><\/p>\n","protected":false},"excerpt":{"rendered":"<p>Notre cr\u00e8che est fortement\u00a0engag\u00e9e en faveur de la pr\u00e9servation de l\u2019environnement.Nous mettons en place des actions concr\u00e8tes pour pr\u00e9server l\u2019environnement et sensibiliser les enfants \u00e0 [&hellip;]<\/p>\n","protected":false},"author":1,"featured_media":269,"parent":0,"menu_order":0,"comment_status":"closed","ping_status":"closed","template":"","meta":{"footnotes":""},"class_list":["post-215","page","type-page","status-publish","has-post-thumbnail","hentry"],"_links":{"self":[{"href":"https:\/\/microcreche-lecocon.fr\/index.php?rest_route=\/wp\/v2\/pages\/215","targetHints":{"allow":["GET"]}}],"collection":[{"href":"https:\/\/microcreche-lecocon.fr\/index.php?rest_route=\/wp\/v2\/pages"}],"about":[{"href":"https:\/\/microcreche-lecocon.fr\/index.php?rest_route=\/wp\/v2\/types\/page"}],"author":[{"embeddable":true,"href":"https:\/\/microcreche-lecocon.fr\/index.php?rest_route=\/wp\/v2\/users\/1"}],"replies":[{"embeddable":true,"href":"https:\/\/microcreche-lecocon.fr\/index.php?rest_route=%2Fwp%2Fv2%2Fcomments&post=215"}],"version-history":[{"count":2,"href":"https:\/\/microcreche-lecocon.fr\/index.php?rest_route=\/wp\/v2\/pages\/215\/revisions"}],"predecessor-version":[{"id":251,"href":"https:\/\/microcreche-lecocon.fr\/index.php?rest_route=\/wp\/v2\/pages\/215\/revisions\/251"}],"wp:featuredmedia":[{"embeddable":true,"href":"https:\/\/microcreche-lecocon.fr\/index.php?rest_route=\/wp\/v2\/media\/269"}],"wp:attachment":[{"href":"https:\/\/microcreche-lecocon.fr\/index.php?rest_route=%2Fwp%2Fv2%2Fmedia&parent=215"}],"curies":[{"name":"wp","href":"https:\/\/api.w.org\/{rel}","templated":true}]}}