{"id":213,"date":"2025-04-19T15:09:40","date_gmt":"2025-04-19T13:09:40","guid":{"rendered":"https:\/\/microcreche-lecocon.fr\/?page_id=213"},"modified":"2025-04-19T16:42:37","modified_gmt":"2025-04-19T14:42:37","slug":"respect-du-rythme-de-lenfant","status":"publish","type":"page","link":"https:\/\/microcreche-lecocon.fr\/?page_id=213","title":{"rendered":"Projet centr\u00e9 sur la s\u00e9curit\u00e9 affective de l&rsquo;enfant"},"content":{"rendered":"\n<p><em>\u00ab\u00a0La confiance en soi, dans la vie, ne se d\u00e9cide pas, elle nous est donn\u00e9e par les autres, d\u2019abord par les parents puis l\u2019entourage\u00a0\u00bb<\/em>\u00a0Dr Catherine Gueguen.<\/p>\n\n\n\n<p>Pour accompagner l\u2019enfant vers l\u2019autonomie, \u00e9tape par \u00e9tape, nous nous appuyons sur la p\u00e9dagogie Montessorienne :<\/p>\n\n\n\n<ul class=\"wp-block-list\">\n<li>Nous offrons aux enfants un\u00a0<strong>cadre stimulant et incitatif\u00a0<\/strong>respectant chaque phase de son d\u00e9veloppement.<\/li>\n\n\n\n<li>L\u2019enfant<strong>\u00a0construit sa personnalit\u00e9<\/strong>\u00a0lui-m\u00eame\u00a0et acquiert petit \u00e0 petit des facult\u00e9s aussi bien motrices qu\u2019intellectuelles.<\/li>\n\n\n\n<li>Les \u00e9quipes de professionnels de cr\u00e8ches ont\u00a0<strong>confiance en l\u2019enfant<\/strong>\u00a0et l\u2019accompagnent au quotidien.<\/li>\n<\/ul>\n\n\n\n<p><\/p>\n\n\n\n<p><strong>Mots clefs&nbsp;:<\/strong>&nbsp;&nbsp;motricit\u00e9 lib\u00e9r\u00e9e, exp\u00e9riences motrices, langagi\u00e8res, sensorielles\u2026<\/p>\n","protected":false},"excerpt":{"rendered":"<p>\u00ab\u00a0La confiance en soi, dans la vie, ne se d\u00e9cide pas, elle nous est donn\u00e9e par les autres, d\u2019abord par les parents puis l\u2019entourage\u00a0\u00bb\u00a0Dr Catherine [&hellip;]<\/p>\n","protected":false},"author":1,"featured_media":268,"parent":0,"menu_order":0,"comment_status":"closed","ping_status":"closed","template":"","meta":{"footnotes":""},"class_list":["post-213","page","type-page","status-publish","has-post-thumbnail","hentry"],"_links":{"self":[{"href":"https:\/\/microcreche-lecocon.fr\/index.php?rest_route=\/wp\/v2\/pages\/213","targetHints":{"allow":["GET"]}}],"collection":[{"href":"https:\/\/microcreche-lecocon.fr\/index.php?rest_route=\/wp\/v2\/pages"}],"about":[{"href":"https:\/\/microcreche-lecocon.fr\/index.php?rest_route=\/wp\/v2\/types\/page"}],"author":[{"embeddable":true,"href":"https:\/\/microcreche-lecocon.fr\/index.php?rest_route=\/wp\/v2\/users\/1"}],"replies":[{"embeddable":true,"href":"https:\/\/microcreche-lecocon.fr\/index.php?rest_route=%2Fwp%2Fv2%2Fcomments&post=213"}],"version-history":[{"count":2,"href":"https:\/\/microcreche-lecocon.fr\/index.php?rest_route=\/wp\/v2\/pages\/213\/revisions"}],"predecessor-version":[{"id":248,"href":"https:\/\/microcreche-lecocon.fr\/index.php?rest_route=\/wp\/v2\/pages\/213\/revisions\/248"}],"wp:featuredmedia":[{"embeddable":true,"href":"https:\/\/microcreche-lecocon.fr\/index.php?rest_route=\/wp\/v2\/media\/268"}],"wp:attachment":[{"href":"https:\/\/microcreche-lecocon.fr\/index.php?rest_route=%2Fwp%2Fv2%2Fmedia&parent=213"}],"curies":[{"name":"wp","href":"https:\/\/api.w.org\/{rel}","templated":true}]}}