{"id":211,"date":"2025-04-19T15:09:23","date_gmt":"2025-04-19T13:09:23","guid":{"rendered":"https:\/\/microcreche-lecocon.fr\/?page_id=211"},"modified":"2025-04-19T16:39:33","modified_gmt":"2025-04-19T14:39:33","slug":"eveil-a-la-nature","status":"publish","type":"page","link":"https:\/\/microcreche-lecocon.fr\/?page_id=211","title":{"rendered":"Inclusion, au coeur de notre p\u00e9dagogie."},"content":{"rendered":"\n<p>D\u00e9velopper une soci\u00e9t\u00e9 plus inclusive, et si on pouvait agir d\u00e8s la petite enfance&nbsp;?&nbsp;<\/p>\n\n\n\n<p>Dans notre structure, nous d\u00e9fendons les valeurs d\u2019ouverture aux autres et \u00e0 la diff\u00e9rence.&nbsp;<\/p>\n\n\n\n<p>C\u2019est pourquoi 2 places sont exclusivement r\u00e9serv\u00e9 \u00e0 l\u2019accueil d\u2019enfant en situation de handicap. La cr\u00e8che est un des premiers lieux de collectivit\u00e9s de l\u2019enfant et nous sommes convaincus que c\u2019est d\u00e8s la petite enfance que se d\u00e9veloppe l\u2019ouverture \u00e0 la diff\u00e9rence.<\/p>\n\n\n\n<p><\/p>\n","protected":false},"excerpt":{"rendered":"<p>D\u00e9velopper une soci\u00e9t\u00e9 plus inclusive, et si on pouvait agir d\u00e8s la petite enfance&nbsp;?&nbsp; Dans notre structure, nous d\u00e9fendons les valeurs d\u2019ouverture aux autres et [&hellip;]<\/p>\n","protected":false},"author":1,"featured_media":267,"parent":0,"menu_order":0,"comment_status":"closed","ping_status":"closed","template":"","meta":{"footnotes":""},"class_list":["post-211","page","type-page","status-publish","has-post-thumbnail","hentry"],"_links":{"self":[{"href":"https:\/\/microcreche-lecocon.fr\/index.php?rest_route=\/wp\/v2\/pages\/211","targetHints":{"allow":["GET"]}}],"collection":[{"href":"https:\/\/microcreche-lecocon.fr\/index.php?rest_route=\/wp\/v2\/pages"}],"about":[{"href":"https:\/\/microcreche-lecocon.fr\/index.php?rest_route=\/wp\/v2\/types\/page"}],"author":[{"embeddable":true,"href":"https:\/\/microcreche-lecocon.fr\/index.php?rest_route=\/wp\/v2\/users\/1"}],"replies":[{"embeddable":true,"href":"https:\/\/microcreche-lecocon.fr\/index.php?rest_route=%2Fwp%2Fv2%2Fcomments&post=211"}],"version-history":[{"count":2,"href":"https:\/\/microcreche-lecocon.fr\/index.php?rest_route=\/wp\/v2\/pages\/211\/revisions"}],"predecessor-version":[{"id":246,"href":"https:\/\/microcreche-lecocon.fr\/index.php?rest_route=\/wp\/v2\/pages\/211\/revisions\/246"}],"wp:featuredmedia":[{"embeddable":true,"href":"https:\/\/microcreche-lecocon.fr\/index.php?rest_route=\/wp\/v2\/media\/267"}],"wp:attachment":[{"href":"https:\/\/microcreche-lecocon.fr\/index.php?rest_route=%2Fwp%2Fv2%2Fmedia&parent=211"}],"curies":[{"name":"wp","href":"https:\/\/api.w.org\/{rel}","templated":true}]}}